{"id":234,"date":"2025-11-24T20:54:32","date_gmt":"2025-11-24T19:54:32","guid":{"rendered":"https:\/\/seniorenheime-unterallgaeu.de\/babenhausen\/?page_id=234"},"modified":"2026-02-06T20:52:37","modified_gmt":"2026-02-06T19:52:37","slug":"einblicke","status":"publish","type":"page","link":"https:\/\/www.seniorenheime-unterallgaeu.de\/babenhausen\/einblicke\/","title":{"rendered":"Einblicke"},"content":{"rendered":"<p>[et_pb_section fb_built=&#8220;1&#8243; next_background_color=&#8220;#ffffff&#8220; admin_label=&#8220;Header&#8220; _builder_version=&#8220;4.27.4&#8243; _module_preset=&#8220;default&#8220; background_image=&#8220;https:\/\/seniorenheime-unterallgaeu.de\/babenhausen\/wp-content\/uploads\/sites\/5\/2025\/11\/Haus_Babenhausen-scaled.jpg&#8220; min_height=&#8220;600px&#8220; custom_padding=&#8220;||100px||false|false&#8220; bottom_divider_style=&#8220;curve&#8220; bottom_divider_height=&#8220;60px&#8220; collapsed=&#8220;on&#8220; global_colors_info=&#8220;{%22gcid-34807b40-f97e-428a-90f8-6d5ad2ecd8cd%22:%91%22background_color_gradient_stops%22%93}&#8220;][\/et_pb_section][et_pb_section fb_built=&#8220;1&#8243; _builder_version=&#8220;4.27.4&#8243; _module_preset=&#8220;default&#8220; global_colors_info=&#8220;{}&#8220;][et_pb_row _builder_version=&#8220;4.27.4&#8243; _module_preset=&#8220;default&#8220; global_colors_info=&#8220;{}&#8220;][et_pb_column type=&#8220;4_4&#8243; _builder_version=&#8220;4.27.4&#8243; _module_preset=&#8220;default&#8220; global_colors_info=&#8220;{}&#8220;][et_pb_text _builder_version=&#8220;4.27.4&#8243; _module_preset=&#8220;default&#8220; text_font=&#8220;calibri-regular||||||||&#8220; text_font_size=&#8220;35px&#8220; text_orientation=&#8220;center&#8220; global_colors_info=&#8220;{}&#8220;]<\/p>\n<p>Unser Haus<\/p>\n<p>[\/et_pb_text][\/et_pb_column][\/et_pb_row][et_pb_row column_structure=&#8220;1_5,1_5,1_5,1_5,1_5&#8243; _builder_version=&#8220;4.27.4&#8243; _module_preset=&#8220;default&#8220; global_colors_info=&#8220;{}&#8220;][et_pb_column type=&#8220;1_5&#8243; _builder_version=&#8220;4.27.4&#8243; _module_preset=&#8220;default&#8220; global_colors_info=&#8220;{}&#8220;][et_pb_button button_text=&#8220;Einblicke&#8220; button_alignment=&#8220;center&#8220; _builder_version=&#8220;4.27.5&#8243; _module_preset=&#8220;default&#8220; custom_button=&#8220;on&#8220; button_text_size=&#8220;30px&#8220; button_text_color=&#8220;#0C71C3&#8243; button_border_radius=&#8220;100px&#8220; button_use_icon=&#8220;off&#8220; custom_margin=&#8220;|-56px|||false|false&#8220; custom_margin_tablet=&#8220;|-56px|||false|false&#8220; custom_margin_phone=&#8220;|0px|||false|false&#8220; custom_margin_last_edited=&#8220;on|phone&#8220; global_colors_info=&#8220;{}&#8220; custom_margin__hover_enabled=&#8220;off|desktop&#8220;][\/et_pb_button][\/et_pb_column][et_pb_column type=&#8220;1_5&#8243; _builder_version=&#8220;4.27.4&#8243; _module_preset=&#8220;default&#8220; global_colors_info=&#8220;{}&#8220;][et_pb_button button_url=&#8220;@ET-DC@eyJkeW5hbWljIjp0cnVlLCJjb250ZW50IjoicG9zdF9saW5rX3VybF9wYWdlIiwic2V0dGluZ3MiOnsicG9zdF9pZCI6IjI1MyJ9fQ==@&#8220; button_text=&#8220;Umgebung&#8220; button_alignment=&#8220;center&#8220; _builder_version=&#8220;4.27.4&#8243; _dynamic_attributes=&#8220;button_url&#8220; _module_preset=&#8220;default&#8220; custom_button=&#8220;on&#8220; button_text_size=&#8220;30px&#8220; button_text_color=&#8220;#5e5e5e&#8220; button_border_radius=&#8220;100px&#8220; global_colors_info=&#8220;{}&#8220;][\/et_pb_button][\/et_pb_column][et_pb_column type=&#8220;1_5&#8243; _builder_version=&#8220;4.27.4&#8243; _module_preset=&#8220;default&#8220; global_colors_info=&#8220;{}&#8220;][et_pb_button button_url=&#8220;@ET-DC@eyJkeW5hbWljIjp0cnVlLCJjb250ZW50IjoicG9zdF9saW5rX3VybF9wYWdlIiwic2V0dGluZ3MiOnsicG9zdF9pZCI6IjI0OSJ9fQ==@&#8220; button_text=&#8220;Mitarbeiter&#8220; button_alignment=&#8220;center&#8220; _builder_version=&#8220;4.27.5&#8243; _dynamic_attributes=&#8220;button_url&#8220; _module_preset=&#8220;default&#8220; custom_button=&#8220;on&#8220; button_text_size=&#8220;30px&#8220; button_text_color=&#8220;#5e5e5e&#8220; button_border_radius=&#8220;100px&#8220; custom_margin=&#8220;||||false|false&#8220; hover_enabled=&#8220;0&#8243; global_colors_info=&#8220;{}&#8220; custom_margin__hover_enabled=&#8220;off|desktop&#8220; custom_margin_last_edited=&#8220;on|phone&#8220; sticky_enabled=&#8220;0&#8243; custom_margin_tablet=&#8220;|-50px|||false|false&#8220; custom_margin_phone=&#8220;|0px|||false|false&#8220;][\/et_pb_button][\/et_pb_column][et_pb_column type=&#8220;1_5&#8243; _builder_version=&#8220;4.27.4&#8243; _module_preset=&#8220;default&#8220; global_colors_info=&#8220;{}&#8220;][et_pb_button button_url=&#8220;@ET-DC@eyJkeW5hbWljIjp0cnVlLCJjb250ZW50IjoicG9zdF9saW5rX3VybF9wYWdlIiwic2V0dGluZ3MiOnsicG9zdF9pZCI6IjI0MSJ9fQ==@&#8220; button_text=&#8220;Ehrenamt&#8220; button_alignment=&#8220;center&#8220; _builder_version=&#8220;4.27.4&#8243; _dynamic_attributes=&#8220;button_url&#8220; _module_preset=&#8220;default&#8220; custom_button=&#8220;on&#8220; button_text_size=&#8220;30px&#8220; button_text_color=&#8220;#5e5e5e&#8220; button_border_radius=&#8220;100px&#8220; global_colors_info=&#8220;{}&#8220;][\/et_pb_button][\/et_pb_column][et_pb_column type=&#8220;1_5&#8243; _builder_version=&#8220;4.27.4&#8243; _module_preset=&#8220;default&#8220; global_colors_info=&#8220;{}&#8220;][et_pb_button button_url=&#8220;@ET-DC@eyJkeW5hbWljIjp0cnVlLCJjb250ZW50IjoicG9zdF9saW5rX3VybF9wYWdlIiwic2V0dGluZ3MiOnsicG9zdF9pZCI6IjQ1NSJ9fQ==@&#8220; button_text=&#8220;Ereignisse&#8220; button_alignment=&#8220;center&#8220; _builder_version=&#8220;4.27.5&#8243; _dynamic_attributes=&#8220;button_url&#8220; _module_preset=&#8220;default&#8220; custom_button=&#8220;on&#8220; button_text_size=&#8220;30px&#8220; button_text_color=&#8220;#5e5e5e&#8220; button_border_radius=&#8220;100px&#8220; custom_margin=&#8220;|||-16px|false|false&#8220; custom_margin_tablet=&#8220;|-370px||-16px|false|false&#8220; custom_margin_phone=&#8220;|0px||0px|false|false&#8220; custom_margin_last_edited=&#8220;on|phone&#8220; hover_enabled=&#8220;0&#8243; global_colors_info=&#8220;{}&#8220; sticky_enabled=&#8220;0&#8243;][\/et_pb_button][\/et_pb_column][\/et_pb_row][\/et_pb_section][et_pb_section fb_built=&#8220;1&#8243; _builder_version=&#8220;4.27.4&#8243; _module_preset=&#8220;default&#8220; global_colors_info=&#8220;{}&#8220;][et_pb_row column_structure=&#8220;1_2,1_2&#8243; _builder_version=&#8220;4.27.4&#8243; _module_preset=&#8220;default&#8220; global_colors_info=&#8220;{}&#8220;][et_pb_column type=&#8220;1_2&#8243; _builder_version=&#8220;4.27.4&#8243; _module_preset=&#8220;default&#8220; global_colors_info=&#8220;{}&#8220;][et_pb_text _builder_version=&#8220;4.27.4&#8243; _module_preset=&#8220;default&#8220; text_font_size=&#8220;20px&#8220; header_2_font_size=&#8220;30px&#8220; global_colors_info=&#8220;{}&#8220;]<\/p>\n<header>\n<h2 class=\"textalign--\">Die Zimmer<\/h2>\n<\/header>\n<p style=\"font-weight: 400;\">62 Pl\u00e4tze erm\u00f6glichen eine vollst\u00e4ndige und heimatnahe Betreuung und Versorgung mit station\u00e4ren oder Kurzzeitpflegepl\u00e4tzen.<\/p>\n<p style=\"font-weight: 400;\">Die Zimmer (\u00fcberwiegend Einzelzimmer) haben alle mit einen eigenen Sanit\u00e4rr\u00e4um und sind mit einer Grundm\u00f6blierung ausgestattet.<\/p>\n<p style=\"font-weight: 400;\">Nat\u00fcrlich k\u00f6nnen die Zimmer mit eigenen, lieb gewordenen Dingen und Gegenst\u00e4nden eingerichtet werden. Lieblingsbilder, das gute alte Sofa oder andere eigene M\u00f6bel sorgen f\u00fcr Vertrautheit und Wohnlichkeit.<\/p>\n<p><span style=\"font-weight: 400;\">Eine bedienungsfreundliche Rufanlage zu unseren Mitarbeitern bedeuten Sicherheit rund um die Uhr.<\/span><\/p>\n<p>[\/et_pb_text][\/et_pb_column][et_pb_column type=&#8220;1_2&#8243; _builder_version=&#8220;4.27.4&#8243; _module_preset=&#8220;default&#8220; global_colors_info=&#8220;{}&#8220;][et_pb_image src=&#8220;https:\/\/www.seniorenheime-unterallgaeu.de\/babenhausen\/wp-content\/uploads\/sites\/5\/2025\/11\/Zimmer_Babenhausen.jpg&#8220; alt=&#8220;Zimmeransicht Babenhausen&#8220; title_text=&#8220;Zimmer_Babenhausen&#8220; _builder_version=&#8220;4.27.4&#8243; _module_preset=&#8220;default&#8220; global_colors_info=&#8220;{}&#8220;][\/et_pb_image][\/et_pb_column][\/et_pb_row][et_pb_row column_structure=&#8220;1_2,1_2&#8243; _builder_version=&#8220;4.27.4&#8243; _module_preset=&#8220;default&#8220; global_colors_info=&#8220;{}&#8220;][et_pb_column type=&#8220;1_2&#8243; _builder_version=&#8220;4.27.4&#8243; _module_preset=&#8220;default&#8220; global_colors_info=&#8220;{}&#8220;][et_pb_text _builder_version=&#8220;4.27.4&#8243; _module_preset=&#8220;default&#8220; text_font_size=&#8220;20px&#8220; header_2_font_size=&#8220;30px&#8220; global_colors_info=&#8220;{}&#8220;]<\/p>\n<header>\n<h2 class=\"textalign--\">Barrierefreiheit<\/h2>\n<\/header>\n<p style=\"font-weight: 400;\">Alle Innen- und Au\u00dfenbereiche, sind alle barrierefrei erreichbar. Auch mit einem Rollator oder Rollstuhl kann man sich im Haus, im Garten und auch um\u2019s Haus frei bewegen. Aufz\u00fcge erm\u00f6glichen die Erreichbarkeit von allen Ebenen.<\/p>\n<p>[\/et_pb_text][\/et_pb_column][et_pb_column type=&#8220;1_2&#8243; _builder_version=&#8220;4.27.4&#8243; _module_preset=&#8220;default&#8220; global_colors_info=&#8220;{}&#8220;][et_pb_text _builder_version=&#8220;4.27.4&#8243; _module_preset=&#8220;default&#8220; text_font_size=&#8220;20px&#8220; header_2_font_size=&#8220;30px&#8220; global_colors_info=&#8220;{}&#8220;]<\/p>\n<div id=\"c90\" class=\"frame frame-default fontsize--inherit textalign--inherit frame-type-text frame-layout-0\">\n<header>\n<h2 class=\"textalign--\">Wohnatmosp\u00e4hre<\/h2>\n<\/header>\n<div><span>In einer angenehmen Wohnatmosph\u00e4re erhalten sie die individuell angepassten Pflegeleistungen. Dar\u00fcber hinaus werden Ihnen alle n\u00f6tigen hauswirtschaftlichen Arbeiten &#8211; von der W\u00e4schepflege bis zur Reinigung der Zimmer &#8211; abgenommen.<\/span><\/div>\n<\/div>\n<div id=\"c91\" class=\"frame frame-default fontsize--inherit textalign--inherit frame-type-text frame-layout-0\">\n<header><\/header>\n<\/div>\n<p>[\/et_pb_text][\/et_pb_column][\/et_pb_row][\/et_pb_section][et_pb_section fb_built=&#8220;1&#8243; fullwidth=&#8220;on&#8220; _builder_version=&#8220;4.27.4&#8243; _module_preset=&#8220;default&#8220; custom_margin=&#8220;2px|||||&#8220; global_colors_info=&#8220;{}&#8220;][\/et_pb_section]<\/p>\n","protected":false},"excerpt":{"rendered":"<p>Unser Haus Die Zimmer 62 Pl\u00e4tze erm\u00f6glichen eine vollst\u00e4ndige und heimatnahe Betreuung und Versorgung mit station\u00e4ren oder Kurzzeitpflegepl\u00e4tzen. Die Zimmer (\u00fcberwiegend Einzelzimmer) haben alle mit einen eigenen Sanit\u00e4rr\u00e4um und sind mit einer Grundm\u00f6blierung ausgestattet. Nat\u00fcrlich k\u00f6nnen die Zimmer mit eigenen, lieb gewordenen Dingen und Gegenst\u00e4nden eingerichtet werden. Lieblingsbilder, das gute alte Sofa oder andere eigene [&hellip;]<\/p>\n","protected":false},"author":1,"featured_media":0,"parent":0,"menu_order":0,"comment_status":"closed","ping_status":"closed","template":"","meta":{"_et_pb_use_builder":"on","_et_pb_old_content":"","_et_gb_content_width":"","footnotes":""},"class_list":["post-234","page","type-page","status-publish","hentry"],"_links":{"self":[{"href":"https:\/\/www.seniorenheime-unterallgaeu.de\/babenhausen\/wp-json\/wp\/v2\/pages\/234","targetHints":{"allow":["GET"]}}],"collection":[{"href":"https:\/\/www.seniorenheime-unterallgaeu.de\/babenhausen\/wp-json\/wp\/v2\/pages"}],"about":[{"href":"https:\/\/www.seniorenheime-unterallgaeu.de\/babenhausen\/wp-json\/wp\/v2\/types\/page"}],"author":[{"embeddable":true,"href":"https:\/\/www.seniorenheime-unterallgaeu.de\/babenhausen\/wp-json\/wp\/v2\/users\/1"}],"replies":[{"embeddable":true,"href":"https:\/\/www.seniorenheime-unterallgaeu.de\/babenhausen\/wp-json\/wp\/v2\/comments?post=234"}],"version-history":[{"count":16,"href":"https:\/\/www.seniorenheime-unterallgaeu.de\/babenhausen\/wp-json\/wp\/v2\/pages\/234\/revisions"}],"predecessor-version":[{"id":678,"href":"https:\/\/www.seniorenheime-unterallgaeu.de\/babenhausen\/wp-json\/wp\/v2\/pages\/234\/revisions\/678"}],"wp:attachment":[{"href":"https:\/\/www.seniorenheime-unterallgaeu.de\/babenhausen\/wp-json\/wp\/v2\/media?parent=234"}],"curies":[{"name":"wp","href":"https:\/\/api.w.org\/{rel}","templated":true}]}}