{"id":253,"date":"2025-11-24T21:25:26","date_gmt":"2025-11-24T20:25:26","guid":{"rendered":"https:\/\/seniorenheime-unterallgaeu.de\/babenhausen\/?page_id=253"},"modified":"2026-02-06T20:53:20","modified_gmt":"2026-02-06T19:53:20","slug":"umgebung","status":"publish","type":"page","link":"https:\/\/www.seniorenheime-unterallgaeu.de\/babenhausen\/umgebung\/","title":{"rendered":"Umgebung"},"content":{"rendered":"<p>[et_pb_section fb_built=&#8220;1&#8243; next_background_color=&#8220;#ffffff&#8220; admin_label=&#8220;Header&#8220; _builder_version=&#8220;4.27.4&#8243; _module_preset=&#8220;default&#8220; background_image=&#8220;https:\/\/seniorenheime-unterallgaeu.de\/babenhausen\/wp-content\/uploads\/sites\/5\/2025\/11\/Haus_Babenhausen-scaled.jpg&#8220; min_height=&#8220;600px&#8220; custom_padding=&#8220;||100px||false|false&#8220; bottom_divider_style=&#8220;curve&#8220; bottom_divider_height=&#8220;60px&#8220; collapsed=&#8220;on&#8220; global_colors_info=&#8220;{%22gcid-34807b40-f97e-428a-90f8-6d5ad2ecd8cd%22:%91%22background_color_gradient_stops%22%93}&#8220;][\/et_pb_section][et_pb_section fb_built=&#8220;1&#8243; _builder_version=&#8220;4.27.4&#8243; _module_preset=&#8220;default&#8220; global_colors_info=&#8220;{}&#8220;][et_pb_row _builder_version=&#8220;4.27.4&#8243; _module_preset=&#8220;default&#8220; global_colors_info=&#8220;{}&#8220;][et_pb_column type=&#8220;4_4&#8243; _builder_version=&#8220;4.27.4&#8243; _module_preset=&#8220;default&#8220; global_colors_info=&#8220;{}&#8220;][et_pb_text _builder_version=&#8220;4.27.4&#8243; _module_preset=&#8220;default&#8220; text_font=&#8220;calibri-regular||||||||&#8220; text_font_size=&#8220;35px&#8220; text_orientation=&#8220;center&#8220; global_colors_info=&#8220;{}&#8220;]<\/p>\n<p>Unser Haus<\/p>\n<p>[\/et_pb_text][\/et_pb_column][\/et_pb_row][et_pb_row column_structure=&#8220;1_5,1_5,1_5,1_5,1_5&#8243; _builder_version=&#8220;4.27.4&#8243; _module_preset=&#8220;default&#8220; global_colors_info=&#8220;{}&#8220;][et_pb_column type=&#8220;1_5&#8243; _builder_version=&#8220;4.27.4&#8243; _module_preset=&#8220;default&#8220; global_colors_info=&#8220;{}&#8220;][et_pb_button button_url=&#8220;@ET-DC@eyJkeW5hbWljIjp0cnVlLCJjb250ZW50IjoicG9zdF9saW5rX3VybF9wYWdlIiwic2V0dGluZ3MiOnsicG9zdF9pZCI6IjIzNCJ9fQ==@&#8220; button_text=&#8220;Einblicke&#8220; button_alignment=&#8220;center&#8220; _builder_version=&#8220;4.27.5&#8243; _dynamic_attributes=&#8220;button_url&#8220; _module_preset=&#8220;default&#8220; custom_button=&#8220;on&#8220; button_text_size=&#8220;30px&#8220; button_text_color=&#8220;gcid-heading-color&#8220; button_border_radius=&#8220;100px&#8220; custom_margin=&#8220;|-56px|||false|false&#8220; custom_margin_tablet=&#8220;|-56px|||false|false&#8220; custom_margin_phone=&#8220;|0px|||false|false&#8220; custom_margin_last_edited=&#8220;on|phone&#8220; global_colors_info=&#8220;{%22gcid-heading-color%22:%91%22button_text_color%22%93}&#8220;][\/et_pb_button][\/et_pb_column][et_pb_column type=&#8220;1_5&#8243; _builder_version=&#8220;4.27.4&#8243; _module_preset=&#8220;default&#8220; global_colors_info=&#8220;{}&#8220;][et_pb_button button_text=&#8220;Umgebung&#8220; button_alignment=&#8220;center&#8220; _builder_version=&#8220;4.27.4&#8243; _module_preset=&#8220;default&#8220; custom_button=&#8220;on&#8220; button_text_size=&#8220;30px&#8220; button_text_color=&#8220;#0C71C3&#8243; button_border_radius=&#8220;100px&#8220; button_use_icon=&#8220;off&#8220; global_colors_info=&#8220;{}&#8220;][\/et_pb_button][\/et_pb_column][et_pb_column type=&#8220;1_5&#8243; _builder_version=&#8220;4.27.4&#8243; _module_preset=&#8220;default&#8220; global_colors_info=&#8220;{}&#8220;][et_pb_button button_url=&#8220;@ET-DC@eyJkeW5hbWljIjp0cnVlLCJjb250ZW50IjoicG9zdF9saW5rX3VybF9wYWdlIiwic2V0dGluZ3MiOnsicG9zdF9pZCI6IjI0OSJ9fQ==@&#8220; button_text=&#8220;Mitarbeiter&#8220; button_alignment=&#8220;center&#8220; _builder_version=&#8220;4.27.5&#8243; _dynamic_attributes=&#8220;button_url&#8220; _module_preset=&#8220;default&#8220; custom_button=&#8220;on&#8220; button_text_size=&#8220;30px&#8220; button_text_color=&#8220;gcid-body-color&#8220; button_border_radius=&#8220;100px&#8220; custom_margin=&#8220;||||false|false&#8220; hover_enabled=&#8220;0&#8243; global_colors_info=&#8220;{%22gcid-body-color%22:%91%22button_text_color%22%93}&#8220; custom_margin_last_edited=&#8220;on|phone&#8220; sticky_enabled=&#8220;0&#8243; custom_margin_tablet=&#8220;|-50px|||false|false&#8220; custom_margin_phone=&#8220;|0px|||false|false&#8220;][\/et_pb_button][\/et_pb_column][et_pb_column type=&#8220;1_5&#8243; _builder_version=&#8220;4.27.4&#8243; _module_preset=&#8220;default&#8220; global_colors_info=&#8220;{}&#8220;][et_pb_button button_url=&#8220;@ET-DC@eyJkeW5hbWljIjp0cnVlLCJjb250ZW50IjoicG9zdF9saW5rX3VybF9wYWdlIiwic2V0dGluZ3MiOnsicG9zdF9pZCI6IjI0MSJ9fQ==@&#8220; button_text=&#8220;Ehrenamt&#8220; button_alignment=&#8220;center&#8220; _builder_version=&#8220;4.27.4&#8243; _dynamic_attributes=&#8220;button_url&#8220; _module_preset=&#8220;default&#8220; custom_button=&#8220;on&#8220; button_text_size=&#8220;30px&#8220; button_text_color=&#8220;gcid-heading-color&#8220; button_border_color=&#8220;gcid-heading-color&#8220; button_border_radius=&#8220;100px&#8220; global_colors_info=&#8220;{%22gcid-heading-color%22:%91%22button_text_color%22,%22button_border_color%22%93}&#8220;][\/et_pb_button][\/et_pb_column][et_pb_column type=&#8220;1_5&#8243; _builder_version=&#8220;4.27.4&#8243; _module_preset=&#8220;default&#8220; global_colors_info=&#8220;{}&#8220;][et_pb_button button_url=&#8220;@ET-DC@eyJkeW5hbWljIjp0cnVlLCJjb250ZW50IjoicG9zdF9saW5rX3VybF9wYWdlIiwic2V0dGluZ3MiOnsicG9zdF9pZCI6IjQ1NSJ9fQ==@&#8220; button_text=&#8220;Ereignisse&#8220; button_alignment=&#8220;center&#8220; _builder_version=&#8220;4.27.5&#8243; _dynamic_attributes=&#8220;button_url&#8220; _module_preset=&#8220;default&#8220; custom_button=&#8220;on&#8220; button_text_size=&#8220;30px&#8220; button_text_color=&#8220;gcid-heading-color&#8220; button_border_color=&#8220;gcid-heading-color&#8220; button_border_radius=&#8220;100px&#8220; custom_margin=&#8220;|||-16px|false|false&#8220; custom_margin_tablet=&#8220;|-370px||-16px|false|false&#8220; custom_margin_phone=&#8220;|0px||0px|false|false&#8220; custom_margin_last_edited=&#8220;on|phone&#8220; hover_enabled=&#8220;0&#8243; global_colors_info=&#8220;{%22gcid-heading-color%22:%91%22button_text_color%22,%22button_border_color%22%93}&#8220; sticky_enabled=&#8220;0&#8243;][\/et_pb_button][\/et_pb_column][\/et_pb_row][\/et_pb_section][et_pb_section fb_built=&#8220;1&#8243; _builder_version=&#8220;4.27.4&#8243; _module_preset=&#8220;default&#8220; global_colors_info=&#8220;{}&#8220;][et_pb_row column_structure=&#8220;1_2,1_2&#8243; _builder_version=&#8220;4.27.4&#8243; _module_preset=&#8220;default&#8220; global_colors_info=&#8220;{}&#8220;][et_pb_column type=&#8220;1_2&#8243; _builder_version=&#8220;4.27.4&#8243; _module_preset=&#8220;default&#8220; global_colors_info=&#8220;{}&#8220;][et_pb_text _builder_version=&#8220;4.27.4&#8243; _module_preset=&#8220;default&#8220; text_font_size=&#8220;20px&#8220; header_2_font_size=&#8220;30px&#8220; global_colors_info=&#8220;{}&#8220;]<\/p>\n<header>\n<header>\n<p style=\"font-weight: 400;\">Unweit des Fuggerschlosses liegt das Kreis-Seniorenwohnheim St. Andreas.<\/p>\n<p style=\"font-weight: 400;\">Babenhausen ist ein Markt im bayerisch-schw\u00e4bischen Landkreis Unterallg\u00e4u mit ca. 5700 Einwohnern.<\/p>\n<p style=\"font-weight: 400;\">Der mittelschw\u00e4bische Ort ist bekannt durch das Fuggerschloss und die Kirche St. Andreas.<\/p>\n<p style=\"font-weight: 400;\">Es ist Sitz der Familie Fugger, die im Mittelalter und vor allem in der Renaissance gro\u00dfe Bedeutung hatte.<\/p>\n<h2 class=\"textalign--\"><\/h2>\n<\/header>\n<\/header>\n<p>[\/et_pb_text][\/et_pb_column][et_pb_column type=&#8220;1_2&#8243; _builder_version=&#8220;4.27.4&#8243; _module_preset=&#8220;default&#8220; global_colors_info=&#8220;{}&#8220;][et_pb_image src=&#8220;https:\/\/www.seniorenheime-unterallgaeu.de\/babenhausen\/wp-content\/uploads\/sites\/5\/2025\/11\/Unbenannt.jpg&#8220; alt=&#8220;Babenhausen mit Fuggerschloss&#8220; title_text=&#8220;Babenhausen_Schloss&#8220; _builder_version=&#8220;4.27.4&#8243; _module_preset=&#8220;default&#8220; global_colors_info=&#8220;{}&#8220;][\/et_pb_image][\/et_pb_column][\/et_pb_row][\/et_pb_section][et_pb_section fb_built=&#8220;1&#8243; fullwidth=&#8220;on&#8220; _builder_version=&#8220;4.27.4&#8243; _module_preset=&#8220;default&#8220; custom_margin=&#8220;2px|||||&#8220; global_colors_info=&#8220;{}&#8220;][\/et_pb_section]<\/p>\n","protected":false},"excerpt":{"rendered":"<p>Unser Haus Unweit des Fuggerschlosses liegt das Kreis-Seniorenwohnheim St. Andreas. Babenhausen ist ein Markt im bayerisch-schw\u00e4bischen Landkreis Unterallg\u00e4u mit ca. 5700 Einwohnern. Der mittelschw\u00e4bische Ort ist bekannt durch das Fuggerschloss und die Kirche St. Andreas. Es ist Sitz der Familie Fugger, die im Mittelalter und vor allem in der Renaissance gro\u00dfe Bedeutung hatte.<\/p>\n","protected":false},"author":1,"featured_media":0,"parent":0,"menu_order":0,"comment_status":"closed","ping_status":"closed","template":"","meta":{"_et_pb_use_builder":"on","_et_pb_old_content":"","_et_gb_content_width":"","footnotes":""},"class_list":["post-253","page","type-page","status-publish","hentry"],"_links":{"self":[{"href":"https:\/\/www.seniorenheime-unterallgaeu.de\/babenhausen\/wp-json\/wp\/v2\/pages\/253","targetHints":{"allow":["GET"]}}],"collection":[{"href":"https:\/\/www.seniorenheime-unterallgaeu.de\/babenhausen\/wp-json\/wp\/v2\/pages"}],"about":[{"href":"https:\/\/www.seniorenheime-unterallgaeu.de\/babenhausen\/wp-json\/wp\/v2\/types\/page"}],"author":[{"embeddable":true,"href":"https:\/\/www.seniorenheime-unterallgaeu.de\/babenhausen\/wp-json\/wp\/v2\/users\/1"}],"replies":[{"embeddable":true,"href":"https:\/\/www.seniorenheime-unterallgaeu.de\/babenhausen\/wp-json\/wp\/v2\/comments?post=253"}],"version-history":[{"count":10,"href":"https:\/\/www.seniorenheime-unterallgaeu.de\/babenhausen\/wp-json\/wp\/v2\/pages\/253\/revisions"}],"predecessor-version":[{"id":679,"href":"https:\/\/www.seniorenheime-unterallgaeu.de\/babenhausen\/wp-json\/wp\/v2\/pages\/253\/revisions\/679"}],"wp:attachment":[{"href":"https:\/\/www.seniorenheime-unterallgaeu.de\/babenhausen\/wp-json\/wp\/v2\/media?parent=253"}],"curies":[{"name":"wp","href":"https:\/\/api.w.org\/{rel}","templated":true}]}}