{"id":271,"date":"2025-11-24T21:41:43","date_gmt":"2025-11-24T20:41:43","guid":{"rendered":"https:\/\/seniorenheime-unterallgaeu.de\/babenhausen\/?page_id=271"},"modified":"2026-02-19T13:48:09","modified_gmt":"2026-02-19T12:48:09","slug":"kosten","status":"publish","type":"page","link":"https:\/\/www.seniorenheime-unterallgaeu.de\/babenhausen\/kosten\/","title":{"rendered":"Kosten"},"content":{"rendered":"<p>[et_pb_section fb_built=&#8220;1&#8243; next_background_color=&#8220;#ffffff&#8220; admin_label=&#8220;Header&#8220; _builder_version=&#8220;4.27.4&#8243; _module_preset=&#8220;default&#8220; background_image=&#8220;https:\/\/seniorenheime-unterallgaeu.de\/babenhausen\/wp-content\/uploads\/sites\/5\/2025\/11\/Haus_Babenhausen-scaled.jpg&#8220; min_height=&#8220;600px&#8220; custom_padding=&#8220;||100px||false|false&#8220; bottom_divider_style=&#8220;curve&#8220; bottom_divider_height=&#8220;60px&#8220; collapsed=&#8220;on&#8220; global_colors_info=&#8220;{%22gcid-34807b40-f97e-428a-90f8-6d5ad2ecd8cd%22:%91%22background_color_gradient_stops%22%93}&#8220;][\/et_pb_section][et_pb_section fb_built=&#8220;1&#8243; _builder_version=&#8220;4.27.4&#8243; _module_preset=&#8220;default&#8220; global_colors_info=&#8220;{}&#8220;][et_pb_row _builder_version=&#8220;4.27.4&#8243; _module_preset=&#8220;default&#8220; global_colors_info=&#8220;{}&#8220;][et_pb_column type=&#8220;4_4&#8243; _builder_version=&#8220;4.27.4&#8243; _module_preset=&#8220;default&#8220; global_colors_info=&#8220;{}&#8220;][et_pb_text _builder_version=&#8220;4.27.4&#8243; _module_preset=&#8220;default&#8220; text_font=&#8220;calibri-regular||||||||&#8220; text_font_size=&#8220;35px&#8220; text_orientation=&#8220;center&#8220; global_colors_info=&#8220;{}&#8220;]<\/p>\n<p>Kosten &amp; Infos<\/p>\n<p>[\/et_pb_text][\/et_pb_column][\/et_pb_row][et_pb_row column_structure=&#8220;1_3,1_3,1_3&#8243; _builder_version=&#8220;4.27.4&#8243; _module_preset=&#8220;default&#8220; global_colors_info=&#8220;{}&#8220;][et_pb_column type=&#8220;1_3&#8243; _builder_version=&#8220;4.27.4&#8243; _module_preset=&#8220;default&#8220; global_colors_info=&#8220;{}&#8220;][et_pb_button button_text=&#8220;Kosten&#8220; button_alignment=&#8220;center&#8220; _builder_version=&#8220;4.27.5&#8243; _module_preset=&#8220;default&#8220; custom_button=&#8220;on&#8220; button_text_size=&#8220;30px&#8220; button_text_color=&#8220;#0C71C3&#8243; button_border_radius=&#8220;100px&#8220; button_use_icon=&#8220;off&#8220; global_colors_info=&#8220;{}&#8220;][\/et_pb_button][\/et_pb_column][et_pb_column type=&#8220;1_3&#8243; _builder_version=&#8220;4.27.4&#8243; _module_preset=&#8220;default&#8220; global_colors_info=&#8220;{}&#8220;][et_pb_button button_url=&#8220;@ET-DC@eyJkeW5hbWljIjp0cnVlLCJjb250ZW50IjoicG9zdF9saW5rX3VybF9wYWdlIiwic2V0dGluZ3MiOnsicG9zdF9pZCI6IjMwNSJ9fQ==@&#8220; button_text=&#8220;Qualit\u00e4tsmanagement&#8220; button_alignment=&#8220;center&#8220; _builder_version=&#8220;4.27.4&#8243; _dynamic_attributes=&#8220;button_url&#8220; _module_preset=&#8220;default&#8220; custom_button=&#8220;on&#8220; button_text_size=&#8220;30px&#8220; button_text_color=&#8220;gcid-heading-color&#8220; button_border_radius=&#8220;100px&#8220; global_colors_info=&#8220;{%22gcid-heading-color%22:%91%22button_text_color%22%93}&#8220;][\/et_pb_button][\/et_pb_column][et_pb_column type=&#8220;1_3&#8243; _builder_version=&#8220;4.27.4&#8243; _module_preset=&#8220;default&#8220; global_colors_info=&#8220;{}&#8220;][et_pb_button button_url=&#8220;@ET-DC@eyJkeW5hbWljIjp0cnVlLCJjb250ZW50IjoicG9zdF9saW5rX3VybF9wYWdlIiwic2V0dGluZ3MiOnsicG9zdF9pZCI6IjI5NiJ9fQ==@&#8220; button_text=&#8220;Pflege&#8220; button_alignment=&#8220;center&#8220; _builder_version=&#8220;4.27.4&#8243; _dynamic_attributes=&#8220;button_url&#8220; _module_preset=&#8220;default&#8220; custom_button=&#8220;on&#8220; button_text_size=&#8220;30px&#8220; button_text_color=&#8220;gcid-heading-color&#8220; button_border_color=&#8220;gcid-heading-color&#8220; button_border_radius=&#8220;100px&#8220; global_colors_info=&#8220;{%22gcid-heading-color%22:%91%22button_text_color%22,%22button_border_color%22%93}&#8220;][\/et_pb_button][\/et_pb_column][\/et_pb_row][\/et_pb_section][et_pb_section fb_built=&#8220;1&#8243; _builder_version=&#8220;4.27.4&#8243; _module_preset=&#8220;default&#8220; global_colors_info=&#8220;{}&#8220;][et_pb_row _builder_version=&#8220;4.27.4&#8243; _module_preset=&#8220;default&#8220; global_colors_info=&#8220;{}&#8220;][et_pb_column type=&#8220;4_4&#8243; _builder_version=&#8220;4.27.4&#8243; _module_preset=&#8220;default&#8220; global_colors_info=&#8220;{}&#8220;][et_pb_text _builder_version=&#8220;4.27.4&#8243; _module_preset=&#8220;default&#8220; text_font_size=&#8220;20px&#8220; header_font=&#8220;calibri-regular||||||||&#8220; header_font_size=&#8220;33px&#8220; header_2_font_size=&#8220;30px&#8220; global_colors_info=&#8220;{}&#8220;]<\/p>\n<header>\n<header>\n<header>\n<header>\n<h1 class=\"textalign--\"><strong>Zusammensetzung der Heimplatzkosten<\/strong><\/h1>\n<p>&nbsp;<\/p>\n<p><strong><\/strong><\/p>\n<\/header>\n<p><span>Die Kosten f\u00fcr den Heimplatz setzen sich aus <\/span><span>verschieden Kosten zusammen:<\/span><\/p>\n<p class=\"docx_listenabsatz docx-num-2-0\"><span>&#8211; Pflegekosten<\/span><\/p>\n<p class=\"docx_listenabsatz docx-num-2-0\"><span>&#8211; Kosten f\u00fcr Unterkunft <\/span><\/p>\n<p class=\"docx_listenabsatz docx-num-2-0\"><span>&#8211; Kosten f\u00fcr<\/span><span> Verpflegung <\/span><\/p>\n<p class=\"docx_listenabsatz docx-num-2-0\"><span>&#8211; Investitionskosten<\/span><\/p>\n<p class=\"docx_listenabsatz docx-num-2-0\"><span>&#8211; Ausbildungsumlage<\/span><span> <\/span><\/p>\n<p>&nbsp;<\/p>\n<p><span>Auch<\/span><span> die Lage und Ausstattung der Einrichtung<\/span><span>, des <\/span><span>Zimmers oder Appartements, in dem der Bewohner oder die Bewohnerin untergebracht ist<\/span><span>, spielt bei der H\u00f6he der Kosten eine Rolle.<\/span><\/p>\n<p><span>Einen Teil der <\/span><span>dieser Kosten<\/span><span> tr\u00e4gt die Pflegeversicherung<\/span><span>. Wie hoch dieser Teil ist,<\/span><span> h\u00e4ngt von der Pfleged\u00fcrftigkeit<\/span><span> (Pflegegrad)<\/span><span> ab. <\/span><\/p>\n<p><span>Gerne stehen wir Ihnen f\u00fcr ein pers\u00f6nliches Gespr\u00e4ch zur Verf\u00fcgung, in dem wir Ihnen die genau Berechnung erl\u00e4utern k\u00f6nnen.<\/span><\/p>\n<\/header>\n<\/header>\n<\/header>\n<p>[\/et_pb_text][\/et_pb_column][\/et_pb_row][\/et_pb_section][et_pb_section fb_built=&#8220;1&#8243; _builder_version=&#8220;4.27.4&#8243; _module_preset=&#8220;default&#8220; global_colors_info=&#8220;{}&#8220;][et_pb_row _builder_version=&#8220;4.27.4&#8243; _module_preset=&#8220;default&#8220; global_colors_info=&#8220;{}&#8220;][et_pb_column type=&#8220;4_4&#8243; _builder_version=&#8220;4.27.4&#8243; _module_preset=&#8220;default&#8220; global_colors_info=&#8220;{}&#8220;][et_pb_heading title=&#8220;Kosten\u00fcbersicht&#8220; _builder_version=&#8220;4.27.4&#8243; _module_preset=&#8220;default&#8220; title_text_align=&#8220;center&#8220; title_font_size=&#8220;33px&#8220; global_colors_info=&#8220;{}&#8220;][\/et_pb_heading][\/et_pb_column][\/et_pb_row][et_pb_row column_structure=&#8220;1_3,1_3,1_3&#8243; _builder_version=&#8220;4.27.4&#8243; _module_preset=&#8220;default&#8220; global_colors_info=&#8220;{}&#8220;][et_pb_column type=&#8220;1_3&#8243; _builder_version=&#8220;4.27.4&#8243; _module_preset=&#8220;default&#8220; global_colors_info=&#8220;{}&#8220;][et_pb_image src=&#8220;https:\/\/seniorenheime-unterallgaeu.de\/babenhausen\/wp-content\/uploads\/sites\/5\/2025\/11\/KSWH_Babenhausen_Kostenuebersicht.jpg&#8220; title_text=&#8220;KSWH_Babenhausen_Kostenuebersicht&#8220; align=&#8220;center&#8220; _builder_version=&#8220;4.27.4&#8243; _module_preset=&#8220;default&#8220; global_colors_info=&#8220;{}&#8220;][\/et_pb_image][et_pb_button button_url=&#8220;@ET-DC@eyJkeW5hbWljIjp0cnVlLCJjb250ZW50IjoicG9zdF9saW5rX3VybF9hdHRhY2htZW50Iiwic2V0dGluZ3MiOnsicG9zdF9pZCI6IjI3OCJ9fQ==@&#8220; url_new_window=&#8220;on&#8220; button_text=&#8220;\u00dcbersicht Heimkosten&#8220; button_alignment=&#8220;center&#8220; _builder_version=&#8220;4.27.5&#8243; _dynamic_attributes=&#8220;button_url&#8220; _module_preset=&#8220;default&#8220; custom_button=&#8220;on&#8220; button_text_color=&#8220;gcid-heading-color&#8220; button_use_icon=&#8220;off&#8220; global_colors_info=&#8220;{%22gcid-heading-color%22:%91%22button_text_color%22%93}&#8220;][\/et_pb_button][\/et_pb_column][et_pb_column type=&#8220;1_3&#8243; _builder_version=&#8220;4.27.4&#8243; _module_preset=&#8220;default&#8220; global_colors_info=&#8220;{}&#8220;][\/et_pb_column][et_pb_column type=&#8220;1_3&#8243; _builder_version=&#8220;4.27.4&#8243; _module_preset=&#8220;default&#8220; global_colors_info=&#8220;{}&#8220;][et_pb_image src=&#8220;https:\/\/seniorenheime-unterallgaeu.de\/babenhausen\/wp-content\/uploads\/sites\/5\/2025\/11\/KSWH_Babenhausen_Kosten_Kurzzeitpflege.jpg&#8220; title_text=&#8220;KSWH_Babenhausen_Kosten_Kurzzeitpflege&#8220; align=&#8220;center&#8220; _builder_version=&#8220;4.27.4&#8243; _module_preset=&#8220;default&#8220; global_colors_info=&#8220;{}&#8220;][\/et_pb_image][et_pb_button button_url=&#8220;@ET-DC@eyJkeW5hbWljIjp0cnVlLCJjb250ZW50IjoicG9zdF9saW5rX3VybF9hdHRhY2htZW50Iiwic2V0dGluZ3MiOnsicG9zdF9pZCI6IjI3NCJ9fQ==@&#8220; url_new_window=&#8220;on&#8220; button_text=&#8220;\u00dcbersicht Kurzzeitpflegekosten&#8220; button_alignment=&#8220;center&#8220; _builder_version=&#8220;4.27.4&#8243; _dynamic_attributes=&#8220;button_url&#8220; _module_preset=&#8220;default&#8220; custom_button=&#8220;on&#8220; button_text_color=&#8220;gcid-heading-color&#8220; button_use_icon=&#8220;off&#8220; global_colors_info=&#8220;{%22gcid-heading-color%22:%91%22button_text_color%22%93}&#8220;][\/et_pb_button][\/et_pb_column][\/et_pb_row][\/et_pb_section][et_pb_section fb_built=&#8220;1&#8243; fullwidth=&#8220;on&#8220; _builder_version=&#8220;4.27.4&#8243; _module_preset=&#8220;default&#8220; custom_margin=&#8220;2px|||||&#8220; global_colors_info=&#8220;{}&#8220;][\/et_pb_section]<\/p>\n","protected":false},"excerpt":{"rendered":"<p>Kosten &amp; Infos Zusammensetzung der Heimplatzkosten &nbsp; Die Kosten f\u00fcr den Heimplatz setzen sich aus verschieden Kosten zusammen: &#8211; Pflegekosten &#8211; Kosten f\u00fcr Unterkunft &#8211; Kosten f\u00fcr Verpflegung &#8211; Investitionskosten &#8211; Ausbildungsumlage &nbsp; Auch die Lage und Ausstattung der Einrichtung, des Zimmers oder Appartements, in dem der Bewohner oder die Bewohnerin untergebracht ist, spielt bei [&hellip;]<\/p>\n","protected":false},"author":1,"featured_media":0,"parent":0,"menu_order":0,"comment_status":"closed","ping_status":"closed","template":"","meta":{"_et_pb_use_builder":"on","_et_pb_old_content":"","_et_gb_content_width":"","footnotes":""},"class_list":["post-271","page","type-page","status-publish","hentry"],"_links":{"self":[{"href":"https:\/\/www.seniorenheime-unterallgaeu.de\/babenhausen\/wp-json\/wp\/v2\/pages\/271","targetHints":{"allow":["GET"]}}],"collection":[{"href":"https:\/\/www.seniorenheime-unterallgaeu.de\/babenhausen\/wp-json\/wp\/v2\/pages"}],"about":[{"href":"https:\/\/www.seniorenheime-unterallgaeu.de\/babenhausen\/wp-json\/wp\/v2\/types\/page"}],"author":[{"embeddable":true,"href":"https:\/\/www.seniorenheime-unterallgaeu.de\/babenhausen\/wp-json\/wp\/v2\/users\/1"}],"replies":[{"embeddable":true,"href":"https:\/\/www.seniorenheime-unterallgaeu.de\/babenhausen\/wp-json\/wp\/v2\/comments?post=271"}],"version-history":[{"count":17,"href":"https:\/\/www.seniorenheime-unterallgaeu.de\/babenhausen\/wp-json\/wp\/v2\/pages\/271\/revisions"}],"predecessor-version":[{"id":702,"href":"https:\/\/www.seniorenheime-unterallgaeu.de\/babenhausen\/wp-json\/wp\/v2\/pages\/271\/revisions\/702"}],"wp:attachment":[{"href":"https:\/\/www.seniorenheime-unterallgaeu.de\/babenhausen\/wp-json\/wp\/v2\/media?parent=271"}],"curies":[{"name":"wp","href":"https:\/\/api.w.org\/{rel}","templated":true}]}}