{"id":305,"date":"2025-11-25T06:28:04","date_gmt":"2025-11-25T05:28:04","guid":{"rendered":"https:\/\/seniorenheime-unterallgaeu.de\/babenhausen\/?page_id=305"},"modified":"2025-12-10T10:52:58","modified_gmt":"2025-12-10T09:52:58","slug":"qualitaetsmanagement","status":"publish","type":"page","link":"https:\/\/www.seniorenheime-unterallgaeu.de\/babenhausen\/qualitaetsmanagement\/","title":{"rendered":"Qualit\u00e4tsmanagement"},"content":{"rendered":"<p>[et_pb_section fb_built=&#8220;1&#8243; next_background_color=&#8220;#ffffff&#8220; admin_label=&#8220;Header&#8220; _builder_version=&#8220;4.27.4&#8243; _module_preset=&#8220;default&#8220; background_image=&#8220;https:\/\/seniorenheime-unterallgaeu.de\/babenhausen\/wp-content\/uploads\/sites\/5\/2025\/11\/Haus_Babenhausen-scaled.jpg&#8220; min_height=&#8220;600px&#8220; custom_padding=&#8220;||100px||false|false&#8220; bottom_divider_style=&#8220;curve&#8220; bottom_divider_height=&#8220;60px&#8220; hover_enabled=&#8220;0&#8243; collapsed=&#8220;on&#8220; global_colors_info=&#8220;{%22gcid-34807b40-f97e-428a-90f8-6d5ad2ecd8cd%22:%91%22background_color_gradient_stops%22%93}&#8220; sticky_enabled=&#8220;0&#8243;][\/et_pb_section][et_pb_section fb_built=&#8220;1&#8243; _builder_version=&#8220;4.27.4&#8243; _module_preset=&#8220;default&#8220; global_colors_info=&#8220;{}&#8220;][et_pb_row _builder_version=&#8220;4.27.4&#8243; _module_preset=&#8220;default&#8220; global_colors_info=&#8220;{}&#8220;][et_pb_column type=&#8220;4_4&#8243; _builder_version=&#8220;4.27.4&#8243; _module_preset=&#8220;default&#8220; global_colors_info=&#8220;{}&#8220;][et_pb_text _builder_version=&#8220;4.27.4&#8243; _module_preset=&#8220;default&#8220; text_font=&#8220;calibri-regular||||||||&#8220; text_font_size=&#8220;35px&#8220; text_orientation=&#8220;center&#8220; global_colors_info=&#8220;{}&#8220;]<\/p>\n<p>Kosten &amp; Infos<\/p>\n<p>[\/et_pb_text][\/et_pb_column][\/et_pb_row][et_pb_row column_structure=&#8220;1_3,1_3,1_3&#8243; _builder_version=&#8220;4.27.4&#8243; _module_preset=&#8220;default&#8220; global_colors_info=&#8220;{}&#8220;][et_pb_column type=&#8220;1_3&#8243; _builder_version=&#8220;4.27.4&#8243; _module_preset=&#8220;default&#8220; global_colors_info=&#8220;{}&#8220;][et_pb_button button_url=&#8220;@ET-DC@eyJkeW5hbWljIjp0cnVlLCJjb250ZW50IjoicG9zdF9saW5rX3VybF9wYWdlIiwic2V0dGluZ3MiOnsicG9zdF9pZCI6IjI3MSJ9fQ==@&#8220; button_text=&#8220;Kosten&#8220; button_alignment=&#8220;center&#8220; _builder_version=&#8220;4.27.4&#8243; _dynamic_attributes=&#8220;button_url&#8220; _module_preset=&#8220;default&#8220; custom_button=&#8220;on&#8220; button_text_size=&#8220;30px&#8220; button_text_color=&#8220;gcid-heading-color&#8220; button_border_radius=&#8220;100px&#8220; global_colors_info=&#8220;{%22gcid-heading-color%22:%91%22button_text_color%22%93}&#8220;][\/et_pb_button][\/et_pb_column][et_pb_column type=&#8220;1_3&#8243; _builder_version=&#8220;4.27.4&#8243; _module_preset=&#8220;default&#8220; global_colors_info=&#8220;{}&#8220;][et_pb_button button_text=&#8220;Qualit\u00e4tsmanagement&#8220; button_alignment=&#8220;center&#8220; _builder_version=&#8220;4.27.4&#8243; _module_preset=&#8220;default&#8220; custom_button=&#8220;on&#8220; button_text_size=&#8220;30px&#8220; button_text_color=&#8220;#0C71C3&#8243; button_border_radius=&#8220;100px&#8220; button_use_icon=&#8220;off&#8220; global_colors_info=&#8220;{}&#8220;][\/et_pb_button][\/et_pb_column][et_pb_column type=&#8220;1_3&#8243; _builder_version=&#8220;4.27.4&#8243; _module_preset=&#8220;default&#8220; global_colors_info=&#8220;{}&#8220;][et_pb_button button_url=&#8220;@ET-DC@eyJkeW5hbWljIjp0cnVlLCJjb250ZW50IjoicG9zdF9saW5rX3VybF9wYWdlIiwic2V0dGluZ3MiOnsicG9zdF9pZCI6IjI5NiJ9fQ==@&#8220; button_text=&#8220;Pflege&#8220; button_alignment=&#8220;center&#8220; _builder_version=&#8220;4.27.4&#8243; _dynamic_attributes=&#8220;button_url&#8220; _module_preset=&#8220;default&#8220; custom_button=&#8220;on&#8220; button_text_size=&#8220;30px&#8220; button_text_color=&#8220;gcid-heading-color&#8220; button_border_color=&#8220;gcid-heading-color&#8220; button_border_radius=&#8220;100px&#8220; global_colors_info=&#8220;{%22gcid-heading-color%22:%91%22button_text_color%22,%22button_border_color%22%93}&#8220;][\/et_pb_button][\/et_pb_column][\/et_pb_row][\/et_pb_section][et_pb_section fb_built=&#8220;1&#8243; _builder_version=&#8220;4.27.4&#8243; _module_preset=&#8220;default&#8220; global_colors_info=&#8220;{}&#8220;][et_pb_row _builder_version=&#8220;4.27.4&#8243; _module_preset=&#8220;default&#8220; global_colors_info=&#8220;{}&#8220;][et_pb_column type=&#8220;4_4&#8243; _builder_version=&#8220;4.27.4&#8243; _module_preset=&#8220;default&#8220; global_colors_info=&#8220;{}&#8220;][et_pb_text _builder_version=&#8220;4.27.4&#8243; _module_preset=&#8220;default&#8220; text_font_size=&#8220;20px&#8220; header_font=&#8220;calibri-regular||||||||&#8220; header_font_size=&#8220;33px&#8220; header_2_font_size=&#8220;30px&#8220; global_colors_info=&#8220;{}&#8220;]<\/p>\n<header>\n<header><\/header>\n<h2 class=\"textalign--\">Die optimale Pflege und Betreuung<\/h2>\n<p style=\"font-weight: 400;\">\u2026 f\u00fcr unsere Bewohner ist unsere Motivation.<\/p>\n<p style=\"font-weight: 400;\">Unser internes Qualit\u00e4tsmanagement gibt unseren Bewohnern die Sicherheit, eine Pflege von hoher Qualit\u00e4t zu erhalten.<\/p>\n<p style=\"font-weight: 400;\">Unter Einbeziehung aller Mitarbeiter wurde ein transparentes Qualit\u00e4tsmanagementsystem nach den Vorgaben der DIN EN ISO 9001 erarbeitet, welches die Anforderungen des Medizinischen Dienstes der Kranken- und Pflegekassen zur Pr\u00fcfung der Qualit\u00e4t in ambulanten und station\u00e4ren Pflegeeinrichtungen ber\u00fccksichtigt.<\/p>\n<p style=\"font-weight: 400;\">\n<p style=\"font-weight: 400;\">\n<h2><\/h2>\n<h2><\/h2>\n<h2 class=\"textalign--\">Reflexion und Optimierung<\/h2>\n<div><span>Eine hohe Qualit\u00e4t ist f\u00fcr uns ein dauerhafter Anspruch an unsere t\u00e4gliche Arbeit. Durch die st\u00e4ndige kritische \u00dcberpr\u00fcfung der Arbeitsabl\u00e4ufe in allen Bereichen gewinnen wir wichtige Erkenntnisse, um unsere Leistungen immer weiter zu verbessern<\/span><span>.<\/span><\/div>\n<\/header>\n<p>[\/et_pb_text][\/et_pb_column][\/et_pb_row][\/et_pb_section][et_pb_section fb_built=&#8220;1&#8243; fullwidth=&#8220;on&#8220; _builder_version=&#8220;4.27.4&#8243; _module_preset=&#8220;default&#8220; custom_margin=&#8220;2px|||||&#8220; global_colors_info=&#8220;{}&#8220;][\/et_pb_section]<\/p>\n","protected":false},"excerpt":{"rendered":"<p>Kosten &amp; Infos Die optimale Pflege und Betreuung \u2026 f\u00fcr unsere Bewohner ist unsere Motivation. Unser internes Qualit\u00e4tsmanagement gibt unseren Bewohnern die Sicherheit, eine Pflege von hoher Qualit\u00e4t zu erhalten. Unter Einbeziehung aller Mitarbeiter wurde ein transparentes Qualit\u00e4tsmanagementsystem nach den Vorgaben der DIN EN ISO 9001 erarbeitet, welches die Anforderungen des Medizinischen Dienstes der Kranken- [&hellip;]<\/p>\n","protected":false},"author":1,"featured_media":0,"parent":0,"menu_order":0,"comment_status":"closed","ping_status":"closed","template":"","meta":{"_et_pb_use_builder":"on","_et_pb_old_content":"","_et_gb_content_width":"","footnotes":""},"class_list":["post-305","page","type-page","status-publish","hentry"],"_links":{"self":[{"href":"https:\/\/www.seniorenheime-unterallgaeu.de\/babenhausen\/wp-json\/wp\/v2\/pages\/305","targetHints":{"allow":["GET"]}}],"collection":[{"href":"https:\/\/www.seniorenheime-unterallgaeu.de\/babenhausen\/wp-json\/wp\/v2\/pages"}],"about":[{"href":"https:\/\/www.seniorenheime-unterallgaeu.de\/babenhausen\/wp-json\/wp\/v2\/types\/page"}],"author":[{"embeddable":true,"href":"https:\/\/www.seniorenheime-unterallgaeu.de\/babenhausen\/wp-json\/wp\/v2\/users\/1"}],"replies":[{"embeddable":true,"href":"https:\/\/www.seniorenheime-unterallgaeu.de\/babenhausen\/wp-json\/wp\/v2\/comments?post=305"}],"version-history":[{"count":7,"href":"https:\/\/www.seniorenheime-unterallgaeu.de\/babenhausen\/wp-json\/wp\/v2\/pages\/305\/revisions"}],"predecessor-version":[{"id":565,"href":"https:\/\/www.seniorenheime-unterallgaeu.de\/babenhausen\/wp-json\/wp\/v2\/pages\/305\/revisions\/565"}],"wp:attachment":[{"href":"https:\/\/www.seniorenheime-unterallgaeu.de\/babenhausen\/wp-json\/wp\/v2\/media?parent=305"}],"curies":[{"name":"wp","href":"https:\/\/api.w.org\/{rel}","templated":true}]}}