{"id":296,"date":"2025-11-25T06:21:54","date_gmt":"2025-11-25T05:21:54","guid":{"rendered":"https:\/\/seniorenheime-unterallgaeu.de\/babenhausen\/?page_id=296"},"modified":"2025-12-04T11:41:07","modified_gmt":"2025-12-04T10:41:07","slug":"pflege","status":"publish","type":"page","link":"https:\/\/www.seniorenheime-unterallgaeu.de\/bad-woerishofen\/pflege\/","title":{"rendered":"Pflege"},"content":{"rendered":"<p>[et_pb_section fb_built=&#8220;1&#8243; next_background_color=&#8220;#ffffff&#8220; admin_label=&#8220;Header&#8220; _builder_version=&#8220;4.27.4&#8243; _module_preset=&#8220;default&#8220; background_image=&#8220;https:\/\/www.seniorenheime-unterallgaeu.de\/bad-woerishofen\/wp-content\/uploads\/sites\/6\/2025\/11\/BW-1.jpg&#8220; min_height=&#8220;600px&#8220; custom_padding=&#8220;||100px||false|false&#8220; bottom_divider_style=&#8220;curve&#8220; bottom_divider_height=&#8220;60px&#8220; collapsed=&#8220;on&#8220; global_colors_info=&#8220;{%22gcid-34807b40-f97e-428a-90f8-6d5ad2ecd8cd%22:%91%22background_color_gradient_stops%22%93}&#8220;][\/et_pb_section][et_pb_section fb_built=&#8220;1&#8243; _builder_version=&#8220;4.27.4&#8243; _module_preset=&#8220;default&#8220; global_colors_info=&#8220;{}&#8220;][et_pb_row _builder_version=&#8220;4.27.4&#8243; _module_preset=&#8220;default&#8220; global_colors_info=&#8220;{}&#8220;][et_pb_column type=&#8220;4_4&#8243; _builder_version=&#8220;4.27.4&#8243; _module_preset=&#8220;default&#8220; global_colors_info=&#8220;{}&#8220;][et_pb_text _builder_version=&#8220;4.27.4&#8243; _module_preset=&#8220;default&#8220; text_font=&#8220;calibri-regular||||||||&#8220; text_font_size=&#8220;35px&#8220; text_orientation=&#8220;center&#8220; global_colors_info=&#8220;{}&#8220;]<\/p>\n<p>Kosten &amp; Infos<\/p>\n<p>[\/et_pb_text][\/et_pb_column][\/et_pb_row][et_pb_row column_structure=&#8220;1_3,1_3,1_3&#8243; _builder_version=&#8220;4.27.4&#8243; _module_preset=&#8220;default&#8220; global_colors_info=&#8220;{}&#8220;][et_pb_column type=&#8220;1_3&#8243; _builder_version=&#8220;4.27.4&#8243; _module_preset=&#8220;default&#8220; global_colors_info=&#8220;{}&#8220;][et_pb_button button_url=&#8220;@ET-DC@eyJkeW5hbWljIjp0cnVlLCJjb250ZW50IjoicG9zdF9saW5rX3VybF9wYWdlIiwic2V0dGluZ3MiOnsicG9zdF9pZCI6IjI3MSJ9fQ==@&#8220; button_text=&#8220;Kosten&#8220; button_alignment=&#8220;center&#8220; _builder_version=&#8220;4.27.4&#8243; _dynamic_attributes=&#8220;button_url&#8220; _module_preset=&#8220;default&#8220; custom_button=&#8220;on&#8220; button_text_size=&#8220;30px&#8220; button_text_color=&#8220;gcid-heading-color&#8220; button_border_radius=&#8220;100px&#8220; global_colors_info=&#8220;{%22gcid-heading-color%22:%91%22button_text_color%22%93}&#8220;][\/et_pb_button][\/et_pb_column][et_pb_column type=&#8220;1_3&#8243; _builder_version=&#8220;4.27.4&#8243; _module_preset=&#8220;default&#8220; global_colors_info=&#8220;{}&#8220;][et_pb_button button_url=&#8220;@ET-DC@eyJkeW5hbWljIjp0cnVlLCJjb250ZW50IjoicG9zdF9saW5rX3VybF9wYWdlIiwic2V0dGluZ3MiOnsicG9zdF9pZCI6IjMwNSJ9fQ==@&#8220; button_text=&#8220;Qualit\u00e4tsmanagement&#8220; button_alignment=&#8220;center&#8220; _builder_version=&#8220;4.27.4&#8243; _dynamic_attributes=&#8220;button_url&#8220; _module_preset=&#8220;default&#8220; custom_button=&#8220;on&#8220; button_text_size=&#8220;30px&#8220; button_text_color=&#8220;gcid-heading-color&#8220; button_border_radius=&#8220;100px&#8220; global_colors_info=&#8220;{%22gcid-heading-color%22:%91%22button_text_color%22%93}&#8220;][\/et_pb_button][\/et_pb_column][et_pb_column type=&#8220;1_3&#8243; _builder_version=&#8220;4.27.4&#8243; _module_preset=&#8220;default&#8220; global_colors_info=&#8220;{}&#8220;][et_pb_button button_url=&#8220;@ET-DC@eyJkeW5hbWljIjp0cnVlLCJjb250ZW50IjoicG9zdF9saW5rX3VybF9wYWdlIiwic2V0dGluZ3MiOnsicG9zdF9pZCI6IjI0MSJ9fQ==@&#8220; button_text=&#8220;Pflege&#8220; button_alignment=&#8220;center&#8220; _builder_version=&#8220;4.27.4&#8243; _dynamic_attributes=&#8220;button_url&#8220; _module_preset=&#8220;default&#8220; custom_button=&#8220;on&#8220; button_text_size=&#8220;30px&#8220; button_text_color=&#8220;#0C71C3&#8243; button_border_color=&#8220;#0C71C3&#8243; button_border_radius=&#8220;100px&#8220; button_use_icon=&#8220;off&#8220; global_colors_info=&#8220;{}&#8220;][\/et_pb_button][\/et_pb_column][\/et_pb_row][\/et_pb_section][et_pb_section fb_built=&#8220;1&#8243; _builder_version=&#8220;4.27.4&#8243; _module_preset=&#8220;default&#8220; global_colors_info=&#8220;{}&#8220;][et_pb_row column_structure=&#8220;3_5,2_5&#8243; _builder_version=&#8220;4.27.4&#8243; _module_preset=&#8220;default&#8220; global_colors_info=&#8220;{}&#8220;][et_pb_column type=&#8220;3_5&#8243; _builder_version=&#8220;4.27.4&#8243; _module_preset=&#8220;default&#8220; global_colors_info=&#8220;{}&#8220;][et_pb_text _builder_version=&#8220;4.27.4&#8243; _module_preset=&#8220;default&#8220; text_font_size=&#8220;20px&#8220; header_font=&#8220;calibri-regular||||||||&#8220; header_font_size=&#8220;33px&#8220; header_2_font_size=&#8220;30px&#8220; global_colors_info=&#8220;{}&#8220;]<\/p>\n<header>\n<header><\/header>\n<h2>Weil Sie uns am Herzen liegen<\/h2>\n<p>Mit einem hohen Ma\u00df an Verantwortung m\u00f6chten wir die Lebensqualit\u00e4t unserer Senioren dauerhaft f\u00f6rdern und verbessern. Mit menschlicher W\u00e4rme und qualifiziertem Betreuungspersonal stellen wir uns den pers\u00f6nlichen und individuellen Anspr\u00fcchen unserer Senioren.<\/p>\n<p>Wir schaffen ein <strong>Lebensumfeld zum Wohlf\u00fchlen<\/strong> und passen uns den Bed\u00fcrfnissen unserer Senioren an.<\/p>\n<\/header>\n<p>[\/et_pb_text][\/et_pb_column][et_pb_column type=&#8220;2_5&#8243; _builder_version=&#8220;4.27.4&#8243; _module_preset=&#8220;default&#8220; global_colors_info=&#8220;{}&#8220;][et_pb_image src=&#8220;https:\/\/www.seniorenheime-unterallgaeu.de\/bad-woerishofen\/wp-content\/uploads\/sites\/6\/2025\/11\/Mitarbeiter.jpg&#8220; title_text=&#8220;Mitarbeiter&#8220; _builder_version=&#8220;4.27.4&#8243; _module_preset=&#8220;default&#8220; global_colors_info=&#8220;{}&#8220;][\/et_pb_image][\/et_pb_column][\/et_pb_row][et_pb_row column_structure=&#8220;2_5,3_5&#8243; _builder_version=&#8220;4.27.4&#8243; _module_preset=&#8220;default&#8220; global_colors_info=&#8220;{}&#8220;][et_pb_column type=&#8220;2_5&#8243; _builder_version=&#8220;4.27.4&#8243; _module_preset=&#8220;default&#8220; global_colors_info=&#8220;{}&#8220;][et_pb_image src=&#8220;https:\/\/www.seniorenheime-unterallgaeu.de\/bad-woerishofen\/wp-content\/uploads\/sites\/6\/2025\/11\/Betreuung.jpg&#8220; title_text=&#8220;Betreuung&#8220; _builder_version=&#8220;4.27.4&#8243; _module_preset=&#8220;default&#8220; global_colors_info=&#8220;{}&#8220;][\/et_pb_image][\/et_pb_column][et_pb_column type=&#8220;3_5&#8243; _builder_version=&#8220;4.27.4&#8243; _module_preset=&#8220;default&#8220; global_colors_info=&#8220;{}&#8220;][et_pb_text _builder_version=&#8220;4.27.4&#8243; _module_preset=&#8220;default&#8220; text_font_size=&#8220;20px&#8220; header_font=&#8220;calibri-regular||||||||&#8220; header_font_size=&#8220;33px&#8220; header_2_font_size=&#8220;30px&#8220; global_colors_info=&#8220;{}&#8220;]<\/p>\n<header>\n<header><\/header>\n<h2 class=\"textalign--\">Optimal betreut und versorgt<\/h2>\n<p>Der Schwerpunkt unserer Arbeit liegt in der Pflege.<br \/>Unser Haus bietet entsprechend des Pflegeversicherungsgesetzes &#8230;<\/p>\n<ul>\n<li><strong>vollstation\u00e4re Pflege<\/strong><\/li>\n<li><strong>eingestreute Kurzzeitpflege<\/strong><\/li>\n<\/ul>\n<p>Wir legen Wert darauf, unsere Bewohner zu motivieren und aktivieren.<\/p>\n<\/header>\n<p>[\/et_pb_text][\/et_pb_column][\/et_pb_row][\/et_pb_section][et_pb_section fb_built=&#8220;1&#8243; fullwidth=&#8220;on&#8220; _builder_version=&#8220;4.27.4&#8243; _module_preset=&#8220;default&#8220; custom_margin=&#8220;2px|||||&#8220; global_colors_info=&#8220;{}&#8220;][\/et_pb_section]<\/p>\n","protected":false},"excerpt":{"rendered":"<p>Kosten &amp; Infos Weil Sie uns am Herzen liegen Mit einem hohen Ma\u00df an Verantwortung m\u00f6chten wir die Lebensqualit\u00e4t unserer Senioren dauerhaft f\u00f6rdern und verbessern. Mit menschlicher W\u00e4rme und qualifiziertem Betreuungspersonal stellen wir uns den pers\u00f6nlichen und individuellen Anspr\u00fcchen unserer Senioren. Wir schaffen ein Lebensumfeld zum Wohlf\u00fchlen und passen uns den Bed\u00fcrfnissen unserer Senioren an. [&hellip;]<\/p>\n","protected":false},"author":1,"featured_media":0,"parent":0,"menu_order":0,"comment_status":"closed","ping_status":"closed","template":"","meta":{"_et_pb_use_builder":"on","_et_pb_old_content":"","_et_gb_content_width":"","footnotes":""},"class_list":["post-296","page","type-page","status-publish","hentry"],"_links":{"self":[{"href":"https:\/\/www.seniorenheime-unterallgaeu.de\/bad-woerishofen\/wp-json\/wp\/v2\/pages\/296","targetHints":{"allow":["GET"]}}],"collection":[{"href":"https:\/\/www.seniorenheime-unterallgaeu.de\/bad-woerishofen\/wp-json\/wp\/v2\/pages"}],"about":[{"href":"https:\/\/www.seniorenheime-unterallgaeu.de\/bad-woerishofen\/wp-json\/wp\/v2\/types\/page"}],"author":[{"embeddable":true,"href":"https:\/\/www.seniorenheime-unterallgaeu.de\/bad-woerishofen\/wp-json\/wp\/v2\/users\/1"}],"replies":[{"embeddable":true,"href":"https:\/\/www.seniorenheime-unterallgaeu.de\/bad-woerishofen\/wp-json\/wp\/v2\/comments?post=296"}],"version-history":[{"count":7,"href":"https:\/\/www.seniorenheime-unterallgaeu.de\/bad-woerishofen\/wp-json\/wp\/v2\/pages\/296\/revisions"}],"predecessor-version":[{"id":523,"href":"https:\/\/www.seniorenheime-unterallgaeu.de\/bad-woerishofen\/wp-json\/wp\/v2\/pages\/296\/revisions\/523"}],"wp:attachment":[{"href":"https:\/\/www.seniorenheime-unterallgaeu.de\/bad-woerishofen\/wp-json\/wp\/v2\/media?parent=296"}],"curies":[{"name":"wp","href":"https:\/\/api.w.org\/{rel}","templated":true}]}}